{"id":1784,"date":"2023-12-20T16:35:59","date_gmt":"2023-12-20T15:35:59","guid":{"rendered":"https:\/\/pfb.ungemachdata.de\/howtos-pro\/how-to-record-an-hf-day\/"},"modified":"2024-04-26T11:40:14","modified_gmt":"2024-04-26T09:40:14","slug":"how-to-record-an-hf-day","status":"publish","type":"page","link":"https:\/\/pfb.ungemachdata.de\/en\/howtos-pro\/how-to-record-an-hf-day\/","title":{"rendered":"How To: Record an H&#038;F day"},"content":{"rendered":"\n<h2>\n\t\tErfassen eines H&#038;F-Tages\n\t<\/h2>\n\t\t\t\t<img loading=\"lazy\" decoding=\"async\" src=\"https:\/\/pfb.ungemachdata.de\/wp-content\/uploads\/sites\/4\/2023\/12\/SummitRace-PFBpro2-scaled.jpg\" alt=\"SummitRace - PFBpro2\" itemprop=\"image\" height=\"605\" width=\"2560\" title=\"SummitRace - PFBpro2\" onerror=\"this.style.display='none'\"  \/>\n<h3>\n\t\tWorum es geht\n\t<\/h3>\n\t<p>Du bist auf einen Berg gestiegen und herunter geflogen. Jetzt m\u00f6chtest Du diesen Tag komplett mit Wander- und Fluganteilen in Deinem Flugbuch abbilden und nat\u00fcrlich auch die H&amp;F-Statistik (H\u00f6henmeter) aktualisieren.<\/p>\n<h3>\n\t\tVoraussetzungen\n\t<\/h3>\n\t<ul>\n<li>Dein Flug wurde mit einem Instrument oder einer App aufgezeichnet<\/li>\n<li>(optional) Deine Wanderung wurde mit einer App (z.B. Komoot) aufgezeichnet<\/li>\n<li>Dein letzter Download im verwendeten Browser (egal zu welchem Zweck) ging ins standardm\u00e4\u00dfige Download-Verzeichnis von Windows (sonst musst Du dieses in den Browser-Downloads wieder einstellen)<\/li>\n<\/ul>\n<h3>\n\t\tWie es funktioniert\n\t<\/h3>\n\t<p>Im einfachsten Fall hast Du beides &#8211; IGC und Wander-GPX &#8211;\u00a0 bereits irgendwo im Internet (z.B. den Flug bei XContest und das GPX bei Komoot, wo man es \u00fcbrigens auch von einer Garmin-Uhr automatisch hin spiegeln kann). Dann brauchst Du nur den Auto-Download aktivieren:<\/p>\n\t\t\t\t<img loading=\"lazy\" decoding=\"async\" src=\"https:\/\/pfb.ungemachdata.de\/wp-content\/uploads\/sites\/4\/2023\/12\/Screenshot-AutoDownload.png\" alt=\"Screenshot AutoDownload\" itemprop=\"image\" height=\"129\" width=\"487\" title=\"Screenshot AutoDownload\" onerror=\"this.style.display='none'\"  \/>\n\t<p>Jetzt l\u00e4dst Du zun\u00e4chst Deinen Flug vom Online-Portal, wohin ihn Dein Instrument oder Deine App idealerweise bereits automatisch hingeladen hat, herunter (am Beispiel Seeyou.cloud). Achte auf das Download-Verzeichnis (oben links im zweiten Bild)!<\/p>\n\t\t\t\t<img loading=\"lazy\" decoding=\"async\" src=\"https:\/\/pfb.ungemachdata.de\/wp-content\/uploads\/sites\/4\/2023\/12\/Screenshot-2023-12-20-110433.png\" alt=\"Screenshot 2023-12-20 110433\" itemprop=\"image\" height=\"316\" width=\"966\" title=\"Screenshot 2023-12-20 110433\" onerror=\"this.style.display='none'\"  \/>\n\t\t\t\t<img loading=\"lazy\" decoding=\"async\" src=\"https:\/\/pfb.ungemachdata.de\/wp-content\/uploads\/sites\/4\/2023\/12\/Screenshot-2023-12-20-110939.png\" alt=\"Screenshot 2023-12-20 110939\" itemprop=\"image\" height=\"370\" width=\"324\" title=\"Screenshot 2023-12-20 110939\" onerror=\"this.style.display='none'\"  \/>\n\t<p>Im Programm wird der Flug erkannt und angeboten. Pr\u00fcfe noch Deine Schirmdaten und setze die H&amp;F-Checkbox.<\/p>\n\t\t\t\t<img loading=\"lazy\" decoding=\"async\" src=\"https:\/\/pfb.ungemachdata.de\/wp-content\/uploads\/sites\/4\/2023\/12\/Screenshot-2023-12-20-111319.png\" alt=\"Screenshot 2023-12-20 111319\" itemprop=\"image\" height=\"1077\" width=\"818\" title=\"Screenshot 2023-12-20 111319\" onerror=\"this.style.display='none'\"  \/>\n\t<p>Dein Flug ist schon mal da und optimiert. Bewege Dich nicht von ihm weg (genau genommen klickst Du am Besten \u00fcberhaupt nicht im Programm herum) und wechsele im Browser zu Deinem Wander-Trackingprogramm (z.B. Komoot):<\/p>\n\t\t\t\t<img loading=\"lazy\" decoding=\"async\" src=\"https:\/\/pfb.ungemachdata.de\/wp-content\/uploads\/sites\/4\/2023\/12\/Screenshot-2023-12-20-111851.png\" alt=\"Screenshot 2023-12-20 111851\" itemprop=\"image\" height=\"435\" width=\"1371\" title=\"Screenshot 2023-12-20 111851\" onerror=\"this.style.display='none'\"  \/>\n\t<p>Hier l\u00e4dst Du ebenfalls die Wanderung herunter. Im Browser ist ja noch das Downloadverzeichnis eingestellt (falls nicht, weil Du den Flug zum Beispiel direkt von einem Instrument ausgelesen hast, musst Du das noch wie oben gezeigt sicher stellen).<\/p>\n\t\t\t\t<img loading=\"lazy\" decoding=\"async\" src=\"https:\/\/pfb.ungemachdata.de\/wp-content\/uploads\/sites\/4\/2023\/12\/Screenshot-2023-12-20-112209.png\" alt=\"Screenshot 2023-12-20 112209\" itemprop=\"image\" height=\"51\" width=\"1001\" title=\"Screenshot 2023-12-20 112209\" onerror=\"this.style.display='none'\"  \/>\n\t<p>Schon ist das GPX beim Flug, wie Du an dem gr\u00fcnen Icon in der entsprechenden Spalte sehen kannst. Das H&amp;F-Icon ist ebenfalls gesetzt, das war schon durch das Importieren des Flugs selber geschehen.<\/p>\n<p>Unten links und in der passenden Spalte Deines Flugbuchs siehst Du die gelaufenen H\u00f6henmeter. Diese wurden zun\u00e4chst aus der H\u00f6hendifferenz zwischen Start und Landung ermittelt und k\u00f6nnen sowieso manuell angepasst werden. Beim Hinzuf\u00fcgen von GPX-Tracks werden sie aber jedes Mal aus diesen aktualisiert, das kannst Du auch \u00fcber das Kontextmen\u00fc zum Flug ansto\u00dfen.<\/p>\n<p>Jetzt m\u00f6chtest Du den kompletten Flugtag noch komplett in 3D sehen? Kein Problem: Du solltest schon automatisch ein KML f\u00fcr Google Earth bekommen haben. Falls Du das anders eingestellt hast, kannst Du das auch \u00fcber das Kontextmen\u00fc des Fluges unter &#8220;Bearbeiten\/KML neu erstellen&#8221; &#8211; sp\u00e4testens dann siehst Du beim Flug ein Google Earth-Icon, auf das Du doppelklickst.<\/p>\n\t\t\t\t<img loading=\"lazy\" decoding=\"async\" src=\"https:\/\/pfb.ungemachdata.de\/wp-content\/uploads\/sites\/4\/2023\/12\/Screenshot-2023-12-20-154700.png\" alt=\"Screenshot 2023-12-20 154700\" itemprop=\"image\" height=\"912\" width=\"1342\" title=\"Screenshot 2023-12-20 154700\" onerror=\"this.style.display='none'\"  \/>\n\t<p>Du kannst auch mehrere Fl\u00fcge markieren &#8211; vielleicht bist Du ja am selben Tag mehrmals gestartet, gelandet und dazwischen gelaufen.<\/p>\n<h3>\n\t\tWorauf man achten muss\n\t<\/h3>\n\t<ol>\n<li>Die <strong>H\u00f6henermittlung<\/strong> von Smartwatches kann erhebliche Abweichungen aufweisen. Im Beispiel wurde der Track mit einer nicht nachkalibrierten Garmin-Uhr aufgezeichnet und von dort automatisch zu Komoot gespiegelt. Die absoluten H\u00f6hen des Wandertracks liegen daher um rund 200m zu niedrig. <strong>Das ist f\u00fcr die Ermittlung der angestiegenen H\u00f6henmeter aber unerheblich, denn die Differenzen stimmen immer.<\/strong><\/li>\n<li>Wenn die Fl\u00fcge statt aus dem Internet direkt von einem Instrument gelesen wurden, kommt nur der GPX-Teil aus dieser Anleitung hinzu.<\/li>\n<li>Hat man die GPX-Tracks nicht im Internet, sondern auf andere Weise auf einen Datentr\u00e4ger bekommen, kann man sie auch per Drag&amp;Drop auf den markierten Flug ziehen.<\/li>\n<li>Mit Doppelklick auf das gr\u00fcne Icon kann man die angef\u00fcgten GPX-Tracks sehen und einzelne davon auch wieder entfernen. Gespeichert werden sie im jeweiligen Flugbuchverzeichnis als <strong>&lt;Flug-ID&gt;.&lt;lfd.Nr.&gt;.GPX<\/strong><\/li>\n<li>Zur Zeit k\u00f6nnen maximal 6 Fl\u00fcge incl. Wander-Tracks auf einmal in Google Earth dargestellt werden.<\/li>\n<li>Die Farbe der Flugspuren in Google Earth kann in den EInstellungen unter &#8220;Anzeige&#8221; angepasst werden. Hierbei bekommt der erste Flug die Farbe &#8220;GE1&#8221;, der zweite &#8220;GE2&#8221; etc. &#8211; nach 4 geht es wieder von vorne los.<\/li>\n<\/ol>\n\t\t\t\t<img loading=\"lazy\" decoding=\"async\" src=\"https:\/\/pfb.ungemachdata.de\/wp-content\/uploads\/sites\/4\/2023\/12\/Screenshot-2023-12-20-155903-300x108.png\" alt=\"Screenshot 2023-12-20 155903\" itemprop=\"image\" height=\"108\" width=\"300\" title=\"Screenshot 2023-12-20 155903\" onerror=\"this.style.display='none'\"  \/>\n\n","protected":false},"excerpt":{"rendered":"<p>Erfassen eines H&#038;F-Tages Worum es geht Du bist auf einen Berg gestiegen und herunter geflogen. Jetzt m\u00f6chtest Du diesen Tag komplett mit Wander- und Fluganteilen in Deinem Flugbuch abbilden und nat\u00fcrlich auch die H&amp;F-Statistik (H\u00f6henmeter) aktualisieren. Voraussetzungen Dein Flug wurde mit einem Instrument oder einer App aufgezeichnet (optional) Deine Wanderung wurde mit einer App (z.B.&hellip;<\/p>\n","protected":false},"author":1,"featured_media":0,"parent":1782,"menu_order":2,"comment_status":"closed","ping_status":"closed","template":"","meta":{"footnotes":""},"_links":{"self":[{"href":"https:\/\/pfb.ungemachdata.de\/en\/wp-json\/wp\/v2\/pages\/1784"}],"collection":[{"href":"https:\/\/pfb.ungemachdata.de\/en\/wp-json\/wp\/v2\/pages"}],"about":[{"href":"https:\/\/pfb.ungemachdata.de\/en\/wp-json\/wp\/v2\/types\/page"}],"author":[{"embeddable":true,"href":"https:\/\/pfb.ungemachdata.de\/en\/wp-json\/wp\/v2\/users\/1"}],"replies":[{"embeddable":true,"href":"https:\/\/pfb.ungemachdata.de\/en\/wp-json\/wp\/v2\/comments?post=1784"}],"version-history":[{"count":1,"href":"https:\/\/pfb.ungemachdata.de\/en\/wp-json\/wp\/v2\/pages\/1784\/revisions"}],"predecessor-version":[{"id":1931,"href":"https:\/\/pfb.ungemachdata.de\/en\/wp-json\/wp\/v2\/pages\/1784\/revisions\/1931"}],"up":[{"embeddable":true,"href":"https:\/\/pfb.ungemachdata.de\/en\/wp-json\/wp\/v2\/pages\/1782"}],"wp:attachment":[{"href":"https:\/\/pfb.ungemachdata.de\/en\/wp-json\/wp\/v2\/media?parent=1784"}],"curies":[{"name":"wp","href":"https:\/\/api.w.org\/{rel}","templated":true}]}}